{"id":2020,"date":"2019-03-19T18:25:02","date_gmt":"2019-03-19T17:25:02","guid":{"rendered":"https:\/\/www.jousse-entreprise.com\/art-contemporain\/?page_id=2020"},"modified":"2026-04-02T17:56:55","modified_gmt":"2026-04-02T15:56:55","slug":"contact","status":"publish","type":"page","link":"https:\/\/www.jousse-entreprise.com\/art-contemporain\/fr\/contact\/","title":{"rendered":"\u00e0 propos"},"content":{"rendered":"<p style=\"text-align: left\"><img loading=\"lazy\" decoding=\"async\" class=\"alignleft wp-image-2811\" src=\"https:\/\/www.jousse-entreprise.com\/art-contemporain\/wp-content\/uploads\/sites\/4\/2019\/03\/jousse.png.990x480_q85_crop.jpg\" alt=\"\" width=\"905\" height=\"438\" srcset=\"https:\/\/www.jousse-entreprise.com\/art-contemporain\/wp-content\/uploads\/sites\/4\/2019\/03\/jousse.png.990x480_q85_crop.jpg 987w, https:\/\/www.jousse-entreprise.com\/art-contemporain\/wp-content\/uploads\/sites\/4\/2019\/03\/jousse.png.990x480_q85_crop-300x145.jpg 300w, https:\/\/www.jousse-entreprise.com\/art-contemporain\/wp-content\/uploads\/sites\/4\/2019\/03\/jousse.png.990x480_q85_crop-768x372.jpg 768w, https:\/\/www.jousse-entreprise.com\/art-contemporain\/wp-content\/uploads\/sites\/4\/2019\/03\/jousse.png.990x480_q85_crop-496x240.jpg 496w\" sizes=\"auto, (max-width: 905px) 100vw, 905px\" \/>6 rue saint-claude, 75003 Paris<br \/>\nmardi-samedi: 11h \u2013 19h<br \/>\n+33(0)1 53 82 10 18<br \/>\nart@jousse-entreprise.com<\/p>\n<p style=\"text-align: left\"><a href=\"https:\/\/www.instagram.com\/galeriejousseentreprise\/?hl=fr\" target=\"_blank\" rel=\"noopener noreferrer\">instagram<\/a><\/p>\n<p style=\"text-align: left\"><a href=\"https:\/\/www.facebook.com\/GalerieJousseEntreprise\/?ref=bookmarks\" target=\"_blank\" rel=\"noopener noreferrer\">facebook<\/a><\/p>\n<p>&nbsp;<\/p>\n<p>&nbsp;<\/p>\n<p>&nbsp;<\/p>\n<p>&nbsp;<\/p>\n<p>&nbsp;<\/p>\n<p>&nbsp;<\/p>\n<p>&nbsp;<\/p>\n<p>Depuis pre\u0300s de 30 ans, Philippe Jousse entretient une passion pour l\u2019esth\u00e9tique du mobilier du XX<sup>\u00e8<\/sup> sie\u0300cle, contribuant sans cesse a\u0300 la reconnaissance de cre\u0301ateurs tels que Jean Prouve\u0301, Charlotte Perriand, Mathieu Mate\u0301got, Le Corbusier&#8230; Il a joue\u0301 un ro\u0302le essentiel dans l\u2019e\u0301volution du gou\u0302t des collectionneurs franc\u0327ais et e\u0301trangers, en de\u0301veloppant deux activite\u0301s paralle\u0300les, dans le mobilier d\u2019architectes et dans l\u2019art contemporain. \u00c0 partir de 2001, Philippe Jousse dissocie ses activit\u00e9s et ouvre une galerie d\u00e9di\u00e9e \u00e0 la promotion de l\u2019art contemporain. La ligne artistique \u00e9labor\u00e9e vise \u00e0 soutenir des artistes \u00e9mergents simultan\u00e9ment \u00e0 des artistes consacr\u00e9s. Les artistes repr\u00e9sent\u00e9s par la galerie Jousse Entreprise sont pour la plupart fran\u00e7ais et b\u00e9n\u00e9ficient d\u2019un rayonnement \u00e0 l\u2019international.<\/p>\n<p>Atelier Van Lieshout \/ Louidgi Beltrame \/ Elisabetta Benassi \/ Rapha\u00eblle Benzimra \/ Nathan Bertet\/ Jennifer Caubet \/ Matthew Darbyshire \/ Florence Dole\u0301ac \/ Tim Eitel \/ Anne-Charlotte Finel \/ Thomas Gru\u0308nfeld \/ Clarisse Hahn \/ Nathanae\u0308lle Herbelin \/ Victoire Inchausp\u00e9 \/ Richard Kern \/ Martin Le Chevallier \/ Ange Leccia \/ Seulgi Lee \/ Ariane Michel \/ Madeleine Roger-Lacan \/ Rometti Costales \/ Kishin Shinoyama \/ Francisco Sobrino<\/p>\n","protected":false},"excerpt":{"rendered":"<p>6 rue saint-claude, 75003 Paris mardi-samedi: 11h \u2013 19h +33(0)1 53 82 10 18 art@jousse-entreprise.com instagram facebook &nbsp; &nbsp; &nbsp; &nbsp; &nbsp; &nbsp; &nbsp; Depuis pre\u0300s de 30 ans, Philippe Jousse entretient une passion pour l\u2019esth\u00e9tique du mobilier du XX\u00e8 sie\u0300cle, contribuant sans cesse a\u0300 la reconnaissance de cre\u0301ateurs tels que Jean Prouve\u0301, Charlotte Perriand, [&hellip;]<\/p>\n","protected":false},"author":1,"featured_media":0,"parent":0,"menu_order":0,"comment_status":"closed","ping_status":"closed","template":"","meta":{"footnotes":""},"class_list":["post-2020","page","type-page","status-publish","hentry"],"yoast_head":"<!-- This site is optimized with the Yoast SEO plugin v27.4 - https:\/\/yoast.com\/product\/yoast-seo-wordpress\/ -->\n<title>\u00e0 propos - Jousse-entreprise | Art Contemporain<\/title>\n<meta name=\"robots\" content=\"index, follow, max-snippet:-1, max-image-preview:large, max-video-preview:-1\" \/>\n<link rel=\"canonical\" href=\"https:\/\/www.jousse-entreprise.com\/art-contemporain\/fr\/contact\/\" class=\"yoast-seo-meta-tag\" \/>\n<meta property=\"og:locale\" content=\"fr_FR\" class=\"yoast-seo-meta-tag\" \/>\n<meta property=\"og:type\" content=\"article\" class=\"yoast-seo-meta-tag\" \/>\n<meta property=\"og:title\" content=\"\u00e0 propos - Jousse-entreprise | Art Contemporain\" class=\"yoast-seo-meta-tag\" \/>\n<meta property=\"og:description\" content=\"6 rue saint-claude, 75003 Paris mardi-samedi: 11h \u2013 19h +33(0)1 53 82 10 18 art@jousse-entreprise.com instagram facebook &nbsp; &nbsp; &nbsp; &nbsp; &nbsp; &nbsp; &nbsp; Depuis pre\u0300s de 30 ans, Philippe Jousse entretient une passion pour l\u2019esth\u00e9tique du mobilier du XX\u00e8 sie\u0300cle, contribuant sans cesse a\u0300 la reconnaissance de cre\u0301ateurs tels que Jean Prouve\u0301, Charlotte Perriand, [&hellip;]\" class=\"yoast-seo-meta-tag\" \/>\n<meta property=\"og:url\" content=\"https:\/\/www.jousse-entreprise.com\/art-contemporain\/fr\/contact\/\" class=\"yoast-seo-meta-tag\" \/>\n<meta property=\"og:site_name\" content=\"Jousse-entreprise | Art Contemporain\" class=\"yoast-seo-meta-tag\" \/>\n<meta property=\"article:modified_time\" content=\"2026-04-02T15:56:55+00:00\" class=\"yoast-seo-meta-tag\" \/>\n<meta property=\"og:image\" content=\"https:\/\/www.jousse-entreprise.com\/art-contemporain\/wp-content\/uploads\/sites\/4\/2019\/03\/jousse.png.990x480_q85_crop.jpg\" class=\"yoast-seo-meta-tag\" \/>\n\t<meta property=\"og:image:width\" content=\"987\" class=\"yoast-seo-meta-tag\" \/>\n\t<meta property=\"og:image:height\" content=\"478\" class=\"yoast-seo-meta-tag\" \/>\n\t<meta property=\"og:image:type\" content=\"image\/jpeg\" class=\"yoast-seo-meta-tag\" \/>\n<meta name=\"twitter:card\" content=\"summary_large_image\" class=\"yoast-seo-meta-tag\" \/>\n<meta name=\"twitter:label1\" content=\"Dur\u00e9e de lecture estim\u00e9e\" class=\"yoast-seo-meta-tag\" \/>\n\t<meta name=\"twitter:data1\" content=\"2 minutes\" class=\"yoast-seo-meta-tag\" \/>\n<script type=\"application\/ld+json\" class=\"yoast-schema-graph\">{\"@context\":\"https:\\\/\\\/schema.org\",\"@graph\":[{\"@type\":\"WebPage\",\"@id\":\"https:\\\/\\\/www.jousse-entreprise.com\\\/art-contemporain\\\/fr\\\/contact\\\/\",\"url\":\"https:\\\/\\\/www.jousse-entreprise.com\\\/art-contemporain\\\/fr\\\/contact\\\/\",\"name\":\"\u00e0 propos - Jousse-entreprise | Art Contemporain\",\"isPartOf\":{\"@id\":\"https:\\\/\\\/www.jousse-entreprise.com\\\/art-contemporain\\\/#website\"},\"primaryImageOfPage\":{\"@id\":\"https:\\\/\\\/www.jousse-entreprise.com\\\/art-contemporain\\\/fr\\\/contact\\\/#primaryimage\"},\"image\":{\"@id\":\"https:\\\/\\\/www.jousse-entreprise.com\\\/art-contemporain\\\/fr\\\/contact\\\/#primaryimage\"},\"thumbnailUrl\":\"https:\\\/\\\/www.jousse-entreprise.com\\\/art-contemporain\\\/wp-content\\\/uploads\\\/sites\\\/4\\\/2019\\\/03\\\/jousse.png.990x480_q85_crop.jpg\",\"datePublished\":\"2019-03-19T17:25:02+00:00\",\"dateModified\":\"2026-04-02T15:56:55+00:00\",\"breadcrumb\":{\"@id\":\"https:\\\/\\\/www.jousse-entreprise.com\\\/art-contemporain\\\/fr\\\/contact\\\/#breadcrumb\"},\"inLanguage\":\"fr-FR\",\"potentialAction\":[{\"@type\":\"ReadAction\",\"target\":[\"https:\\\/\\\/www.jousse-entreprise.com\\\/art-contemporain\\\/fr\\\/contact\\\/\"]}]},{\"@type\":\"ImageObject\",\"inLanguage\":\"fr-FR\",\"@id\":\"https:\\\/\\\/www.jousse-entreprise.com\\\/art-contemporain\\\/fr\\\/contact\\\/#primaryimage\",\"url\":\"https:\\\/\\\/www.jousse-entreprise.com\\\/art-contemporain\\\/wp-content\\\/uploads\\\/sites\\\/4\\\/2019\\\/03\\\/jousse.png.990x480_q85_crop.jpg\",\"contentUrl\":\"https:\\\/\\\/www.jousse-entreprise.com\\\/art-contemporain\\\/wp-content\\\/uploads\\\/sites\\\/4\\\/2019\\\/03\\\/jousse.png.990x480_q85_crop.jpg\",\"width\":987,\"height\":478},{\"@type\":\"BreadcrumbList\",\"@id\":\"https:\\\/\\\/www.jousse-entreprise.com\\\/art-contemporain\\\/fr\\\/contact\\\/#breadcrumb\",\"itemListElement\":[{\"@type\":\"ListItem\",\"position\":1,\"name\":\"Accueil\",\"item\":\"https:\\\/\\\/www.jousse-entreprise.com\\\/art-contemporain\\\/fr\\\/\"},{\"@type\":\"ListItem\",\"position\":2,\"name\":\"\u00e0 propos\"}]},{\"@type\":\"WebSite\",\"@id\":\"https:\\\/\\\/www.jousse-entreprise.com\\\/art-contemporain\\\/#website\",\"url\":\"https:\\\/\\\/www.jousse-entreprise.com\\\/art-contemporain\\\/\",\"name\":\"Jousse-entreprise | Art Contemporain\",\"description\":\"\",\"publisher\":{\"@id\":\"https:\\\/\\\/www.jousse-entreprise.com\\\/art-contemporain\\\/#organization\"},\"potentialAction\":[{\"@type\":\"SearchAction\",\"target\":{\"@type\":\"EntryPoint\",\"urlTemplate\":\"https:\\\/\\\/www.jousse-entreprise.com\\\/art-contemporain\\\/?s={search_term_string}\"},\"query-input\":{\"@type\":\"PropertyValueSpecification\",\"valueRequired\":true,\"valueName\":\"search_term_string\"}}],\"inLanguage\":\"fr-FR\"},{\"@type\":\"Organization\",\"@id\":\"https:\\\/\\\/www.jousse-entreprise.com\\\/art-contemporain\\\/#organization\",\"name\":\"Jousse-entreprise | Art Contemporain\",\"url\":\"https:\\\/\\\/www.jousse-entreprise.com\\\/art-contemporain\\\/\",\"logo\":{\"@type\":\"ImageObject\",\"inLanguage\":\"fr-FR\",\"@id\":\"https:\\\/\\\/www.jousse-entreprise.com\\\/art-contemporain\\\/#\\\/schema\\\/logo\\\/image\\\/\",\"url\":\"https:\\\/\\\/www.jousse-entreprise.com\\\/art-contemporain\\\/wp-content\\\/uploads\\\/sites\\\/4\\\/2019\\\/01\\\/logoret.jpg\",\"contentUrl\":\"https:\\\/\\\/www.jousse-entreprise.com\\\/art-contemporain\\\/wp-content\\\/uploads\\\/sites\\\/4\\\/2019\\\/01\\\/logoret.jpg\",\"width\":500,\"height\":200,\"caption\":\"Jousse-entreprise | Art Contemporain\"},\"image\":{\"@id\":\"https:\\\/\\\/www.jousse-entreprise.com\\\/art-contemporain\\\/#\\\/schema\\\/logo\\\/image\\\/\"},\"sameAs\":[\"https:\\\/\\\/www.instagram.com\\\/galeriejousseentreprise\\\/\"]}]}<\/script>\n<!-- \/ Yoast SEO plugin. -->","yoast_head_json":{"title":"\u00e0 propos - Jousse-entreprise | Art Contemporain","robots":{"index":"index","follow":"follow","max-snippet":"max-snippet:-1","max-image-preview":"max-image-preview:large","max-video-preview":"max-video-preview:-1"},"canonical":"https:\/\/www.jousse-entreprise.com\/art-contemporain\/fr\/contact\/","og_locale":"fr_FR","og_type":"article","og_title":"\u00e0 propos - Jousse-entreprise | Art Contemporain","og_description":"6 rue saint-claude, 75003 Paris mardi-samedi: 11h \u2013 19h +33(0)1 53 82 10 18 art@jousse-entreprise.com instagram facebook &nbsp; &nbsp; &nbsp; &nbsp; &nbsp; &nbsp; &nbsp; Depuis pre\u0300s de 30 ans, Philippe Jousse entretient une passion pour l\u2019esth\u00e9tique du mobilier du XX\u00e8 sie\u0300cle, contribuant sans cesse a\u0300 la reconnaissance de cre\u0301ateurs tels que Jean Prouve\u0301, Charlotte Perriand, [&hellip;]","og_url":"https:\/\/www.jousse-entreprise.com\/art-contemporain\/fr\/contact\/","og_site_name":"Jousse-entreprise | Art Contemporain","article_modified_time":"2026-04-02T15:56:55+00:00","og_image":[{"width":987,"height":478,"url":"https:\/\/www.jousse-entreprise.com\/art-contemporain\/wp-content\/uploads\/sites\/4\/2019\/03\/jousse.png.990x480_q85_crop.jpg","type":"image\/jpeg"}],"twitter_card":"summary_large_image","twitter_misc":{"Dur\u00e9e de lecture estim\u00e9e":"2 minutes"},"schema":{"@context":"https:\/\/schema.org","@graph":[{"@type":"WebPage","@id":"https:\/\/www.jousse-entreprise.com\/art-contemporain\/fr\/contact\/","url":"https:\/\/www.jousse-entreprise.com\/art-contemporain\/fr\/contact\/","name":"\u00e0 propos - Jousse-entreprise | Art Contemporain","isPartOf":{"@id":"https:\/\/www.jousse-entreprise.com\/art-contemporain\/#website"},"primaryImageOfPage":{"@id":"https:\/\/www.jousse-entreprise.com\/art-contemporain\/fr\/contact\/#primaryimage"},"image":{"@id":"https:\/\/www.jousse-entreprise.com\/art-contemporain\/fr\/contact\/#primaryimage"},"thumbnailUrl":"https:\/\/www.jousse-entreprise.com\/art-contemporain\/wp-content\/uploads\/sites\/4\/2019\/03\/jousse.png.990x480_q85_crop.jpg","datePublished":"2019-03-19T17:25:02+00:00","dateModified":"2026-04-02T15:56:55+00:00","breadcrumb":{"@id":"https:\/\/www.jousse-entreprise.com\/art-contemporain\/fr\/contact\/#breadcrumb"},"inLanguage":"fr-FR","potentialAction":[{"@type":"ReadAction","target":["https:\/\/www.jousse-entreprise.com\/art-contemporain\/fr\/contact\/"]}]},{"@type":"ImageObject","inLanguage":"fr-FR","@id":"https:\/\/www.jousse-entreprise.com\/art-contemporain\/fr\/contact\/#primaryimage","url":"https:\/\/www.jousse-entreprise.com\/art-contemporain\/wp-content\/uploads\/sites\/4\/2019\/03\/jousse.png.990x480_q85_crop.jpg","contentUrl":"https:\/\/www.jousse-entreprise.com\/art-contemporain\/wp-content\/uploads\/sites\/4\/2019\/03\/jousse.png.990x480_q85_crop.jpg","width":987,"height":478},{"@type":"BreadcrumbList","@id":"https:\/\/www.jousse-entreprise.com\/art-contemporain\/fr\/contact\/#breadcrumb","itemListElement":[{"@type":"ListItem","position":1,"name":"Accueil","item":"https:\/\/www.jousse-entreprise.com\/art-contemporain\/fr\/"},{"@type":"ListItem","position":2,"name":"\u00e0 propos"}]},{"@type":"WebSite","@id":"https:\/\/www.jousse-entreprise.com\/art-contemporain\/#website","url":"https:\/\/www.jousse-entreprise.com\/art-contemporain\/","name":"Jousse-entreprise | Art Contemporain","description":"","publisher":{"@id":"https:\/\/www.jousse-entreprise.com\/art-contemporain\/#organization"},"potentialAction":[{"@type":"SearchAction","target":{"@type":"EntryPoint","urlTemplate":"https:\/\/www.jousse-entreprise.com\/art-contemporain\/?s={search_term_string}"},"query-input":{"@type":"PropertyValueSpecification","valueRequired":true,"valueName":"search_term_string"}}],"inLanguage":"fr-FR"},{"@type":"Organization","@id":"https:\/\/www.jousse-entreprise.com\/art-contemporain\/#organization","name":"Jousse-entreprise | Art Contemporain","url":"https:\/\/www.jousse-entreprise.com\/art-contemporain\/","logo":{"@type":"ImageObject","inLanguage":"fr-FR","@id":"https:\/\/www.jousse-entreprise.com\/art-contemporain\/#\/schema\/logo\/image\/","url":"https:\/\/www.jousse-entreprise.com\/art-contemporain\/wp-content\/uploads\/sites\/4\/2019\/01\/logoret.jpg","contentUrl":"https:\/\/www.jousse-entreprise.com\/art-contemporain\/wp-content\/uploads\/sites\/4\/2019\/01\/logoret.jpg","width":500,"height":200,"caption":"Jousse-entreprise | Art Contemporain"},"image":{"@id":"https:\/\/www.jousse-entreprise.com\/art-contemporain\/#\/schema\/logo\/image\/"},"sameAs":["https:\/\/www.instagram.com\/galeriejousseentreprise\/"]}]}},"_links":{"self":[{"href":"https:\/\/www.jousse-entreprise.com\/art-contemporain\/wp-json\/wp\/v2\/pages\/2020","targetHints":{"allow":["GET"]}}],"collection":[{"href":"https:\/\/www.jousse-entreprise.com\/art-contemporain\/wp-json\/wp\/v2\/pages"}],"about":[{"href":"https:\/\/www.jousse-entreprise.com\/art-contemporain\/wp-json\/wp\/v2\/types\/page"}],"author":[{"embeddable":true,"href":"https:\/\/www.jousse-entreprise.com\/art-contemporain\/wp-json\/wp\/v2\/users\/1"}],"replies":[{"embeddable":true,"href":"https:\/\/www.jousse-entreprise.com\/art-contemporain\/wp-json\/wp\/v2\/comments?post=2020"}],"version-history":[{"count":24,"href":"https:\/\/www.jousse-entreprise.com\/art-contemporain\/wp-json\/wp\/v2\/pages\/2020\/revisions"}],"predecessor-version":[{"id":23826,"href":"https:\/\/www.jousse-entreprise.com\/art-contemporain\/wp-json\/wp\/v2\/pages\/2020\/revisions\/23826"}],"wp:attachment":[{"href":"https:\/\/www.jousse-entreprise.com\/art-contemporain\/wp-json\/wp\/v2\/media?parent=2020"}],"curies":[{"name":"wp","href":"https:\/\/api.w.org\/{rel}","templated":true}]}}